{"id":1369,"date":"2023-12-28T12:31:25","date_gmt":"2023-12-28T11:31:25","guid":{"rendered":"https:\/\/gruene-weissach.de\/?page_id=1369"},"modified":"2024-06-19T13:17:50","modified_gmt":"2024-06-19T11:17:50","slug":"gemeinderat-2","status":"publish","type":"page","link":"https:\/\/gruene-weissach.de\/?page_id=1369","title":{"rendered":"Gemeinderatswahl 2024"},"content":{"rendered":"<h2 class=\"western\" lang=\"de-DE\"><span style=\"color: #339966;\">Ergebnis der Gemeinderatswahl<br \/>\n<\/span><\/h2>\n<p>Bis zuletzt hatten wir gehofft, dass wir uns gegen den negativen Trend wenigstens lokal wehren k\u00f6nnten. Doch leider mussten wir eine bittere Wahlniederlage hinnehmen und haben 2 Gemeinderatssitze verloren.<\/p>\n<p><strong>Wir gratulieren Pierre Michael und Dr. Angelika Br\u00fcmmer zu ihrer Wiederwahl!<\/strong><\/p>\n<p>Hier das Wahlergebnis in 2 Grafiken:<\/p>\n<p><a href=\"https:\/\/gruene-weissach.de\/?attachment_id=1514\" rel=\"attachment wp-att-1514\"><img loading=\"lazy\" decoding=\"async\" class=\"size-full wp-image-1514 alignnone\" src=\"https:\/\/gruene-weissach.de\/wp-content\/uploads\/2024\/06\/gr-wahl-prozente.png\" alt=\"\" width=\"765\" height=\"517\" srcset=\"https:\/\/gruene-weissach.de\/wp-content\/uploads\/2024\/06\/gr-wahl-prozente.png 765w, https:\/\/gruene-weissach.de\/wp-content\/uploads\/2024\/06\/gr-wahl-prozente-400x270.png 400w\" sizes=\"auto, (max-width: 765px) 100vw, 765px\" \/><\/a><\/p>\n<p><a href=\"https:\/\/gruene-weissach.de\/?attachment_id=1516\" rel=\"attachment wp-att-1516\"><img loading=\"lazy\" decoding=\"async\" class=\"size-large wp-image-1516 alignnone\" src=\"https:\/\/gruene-weissach.de\/wp-content\/uploads\/2024\/06\/gr-wahl-sitzverteilung-800x524.png\" alt=\"\" width=\"640\" height=\"419\" srcset=\"https:\/\/gruene-weissach.de\/wp-content\/uploads\/2024\/06\/gr-wahl-sitzverteilung-800x524.png 800w, https:\/\/gruene-weissach.de\/wp-content\/uploads\/2024\/06\/gr-wahl-sitzverteilung-400x262.png 400w, https:\/\/gruene-weissach.de\/wp-content\/uploads\/2024\/06\/gr-wahl-sitzverteilung-768x503.png 768w, https:\/\/gruene-weissach.de\/wp-content\/uploads\/2024\/06\/gr-wahl-sitzverteilung.png 867w\" sizes=\"auto, (max-width: 640px) 100vw, 640px\" \/><\/a><\/p>\n<p>&nbsp;<\/p>\n<h4>Unser Programm f\u00fcr die Gemeinderatswahl<\/h4>\n<p>Wir m\u00fcssen an unsere Zukunft und vor allem an die Zukunft unserer Kinder und Enkel denken &#8211; <strong>Daf\u00fcr sind wir hier!<\/strong><\/p>\n<p>Unsere Kandidat*innen wollen sich f\u00fcr ein nachhaltiges, zukunftsf\u00e4higes und lebenswertes Weissach und Flacht in den n\u00e4chsten f\u00fcnf Jahren einsetzen. Sie wollen weiterhin f\u00fcr frischen Wind und eine glaubw\u00fcrdige Politik im Gemeinderat sorgen.<\/p>\n<p>Das Wahlprogramm der Gr\u00fcnen in Weissach basiert auf drei S\u00e4ulen: <strong>\u00d6kologie, \u00d6konomie und Soziales<\/strong>. Dabei haben wir uns viel vorgenommen und uns ehrgeizige Ziele gesteckt.<\/p>\n<p>Hier kannst du unser Wahlprogramm <a href=\"https:\/\/gruene-weissach.de\/wp-content\/uploads\/2024\/05\/GrueneWeissach_Wahlflyer_24-final.pdf\" target=\"_blank\" rel=\"noopener\">herunterladen.<\/a><\/p>\n<p>Hier gehts zu unseren <a href=\"https:\/\/gruene-weissach.de\/?page_id=1443\">Kandidat*innen<\/a>.<\/p>\n<h4>Wahl des Gemeinderats<\/h4>\n<p>Der Gemeinderat von Weissach und Flacht wird 2024 nicht mehr nach der sogenannten &#8218;Unechten Teilortswahl&#8216; gew\u00e4hlt. Damit r\u00fcckt die Gemeinde n\u00e4her zusammen, weil auf den Wahllisten nicht mehr zwischen Weissach und Flacht unterschieden wird.<\/p>\n<p>Weitere Infos gibt es hier <a href=\"http:\/\/www.landesrecht-bw.de\/jportal\/?quelle=jlink&amp;query=KomWG+BW&amp;psml=bsbawueprod.psml&amp;max=true&amp;aiz=true\" target=\"_blank\" rel=\"noopener noreferrer\">Kommunalwahlgesetz \u00a7 25 und 26<\/a>.<\/p>\n<p>Es werden insgesamt 18 Mitglieder des Gemeinderats gew\u00e4hlt. Dabei k\u00f6nnen die Stimmen auch kumuliert abgegeben werden. Es k\u00f6nnen bis zu 3 Stimmen f\u00fcr einen einzelnen Kandidaten bzw. eine einzelne Kandidatin abgegeben werden. Au\u00dferdem k\u00f6nnen die Stimmen f\u00fcr Kandidat*innen verschiedener Listen verteilt werden (Panaschieren).<\/p>\n<p>Weitere Infos zum Wahlverfahren findest du <a href=\"https:\/\/gruene-weissach.de\/wp-content\/uploads\/2019\/02\/wahlverfahren.pdf\">hier.<\/a><\/p>\n<h4>Wie sollte gew\u00e4hlt werden?<\/h4>\n<p>Im Vordergrund der Gemeinderatswahl stehen die Personen und nicht die Listen. Wenn du die Gr\u00fcnen stark machen m\u00f6chtest, dann solltest du den oben auf unserer Listen stehenden Kandidat*innen m\u00f6glichst viele Stimmen (max. 3 Stimmen) geben. Damit steigt die Wahrscheinlichkeit, dass unsere Kandidat*innen auch gew\u00e4hlt werden.<\/p>\n<p><strong>Nat\u00fcrlich solltest du vor allem nach deiner eigenen \u00dcberzeugung deine Stimmen abgeben!<\/strong><\/p>\n","protected":false},"excerpt":{"rendered":"<p>Ergebnis der Gemeinderatswahl Bis zuletzt hatten wir gehofft, dass wir [&hellip;]<\/p>\n","protected":false},"author":1,"featured_media":0,"parent":0,"menu_order":0,"comment_status":"closed","ping_status":"closed","template":"","meta":{"footnotes":""},"class_list":["post-1369","page","type-page","status-publish","hentry"],"_links":{"self":[{"href":"https:\/\/gruene-weissach.de\/index.php?rest_route=\/wp\/v2\/pages\/1369","targetHints":{"allow":["GET"]}}],"collection":[{"href":"https:\/\/gruene-weissach.de\/index.php?rest_route=\/wp\/v2\/pages"}],"about":[{"href":"https:\/\/gruene-weissach.de\/index.php?rest_route=\/wp\/v2\/types\/page"}],"author":[{"embeddable":true,"href":"https:\/\/gruene-weissach.de\/index.php?rest_route=\/wp\/v2\/users\/1"}],"replies":[{"embeddable":true,"href":"https:\/\/gruene-weissach.de\/index.php?rest_route=%2Fwp%2Fv2%2Fcomments&post=1369"}],"version-history":[{"count":12,"href":"https:\/\/gruene-weissach.de\/index.php?rest_route=\/wp\/v2\/pages\/1369\/revisions"}],"predecessor-version":[{"id":1517,"href":"https:\/\/gruene-weissach.de\/index.php?rest_route=\/wp\/v2\/pages\/1369\/revisions\/1517"}],"wp:attachment":[{"href":"https:\/\/gruene-weissach.de\/index.php?rest_route=%2Fwp%2Fv2%2Fmedia&parent=1369"}],"curies":[{"name":"wp","href":"https:\/\/api.w.org\/{rel}","templated":true}]}}