{"id":1426,"date":"2024-03-23T18:04:57","date_gmt":"2024-03-23T17:04:57","guid":{"rendered":"https:\/\/gruene-weissach.de\/?page_id=1426"},"modified":"2024-05-26T11:14:48","modified_gmt":"2024-05-26T09:14:48","slug":"kreistagswahlen","status":"publish","type":"page","link":"https:\/\/gruene-weissach.de\/?page_id=1426","title":{"rendered":"Kreistagswahlen"},"content":{"rendered":"<h6>Unsere Kandidat*innen<br \/>\n(Wahlkreis 05 \u2013 Weil der Stadt \u2013 Rutesheim \u2013 Weissach)<\/h6>\n<h6><a href=\"https:\/\/gruene-weissach.de\/?attachment_id=1436\" rel=\"attachment wp-att-1436\"><img loading=\"lazy\" decoding=\"async\" class=\"wp-image-1436 size-full alignnone\" src=\"https:\/\/gruene-weissach.de\/wp-content\/uploads\/2024\/04\/KT_Gruppe_IMG_7480-scaled.jpg\" alt=\"\" width=\"2560\" height=\"1829\" srcset=\"https:\/\/gruene-weissach.de\/wp-content\/uploads\/2024\/04\/KT_Gruppe_IMG_7480-scaled.jpg 2560w, https:\/\/gruene-weissach.de\/wp-content\/uploads\/2024\/04\/KT_Gruppe_IMG_7480-400x286.jpg 400w, https:\/\/gruene-weissach.de\/wp-content\/uploads\/2024\/04\/KT_Gruppe_IMG_7480-800x571.jpg 800w, https:\/\/gruene-weissach.de\/wp-content\/uploads\/2024\/04\/KT_Gruppe_IMG_7480-768x549.jpg 768w, https:\/\/gruene-weissach.de\/wp-content\/uploads\/2024\/04\/KT_Gruppe_IMG_7480-1536x1097.jpg 1536w, https:\/\/gruene-weissach.de\/wp-content\/uploads\/2024\/04\/KT_Gruppe_IMG_7480-2048x1463.jpg 2048w\" sizes=\"auto, (max-width: 2560px) 100vw, 2560px\" \/><\/a><\/h6>\n<ul>\n<li>1. Reihe: Alfred Kappler(7), Luise Klingle (3), Petra Herter (2), Waltraud Schubert-Freitag(6)<\/li>\n<li>2. Reihe: J\u00f6rg Herter(9), Doris Horn(8), Cornelia Epple(1)<\/li>\n<li>3. Reihe: Sonja Nolte(4), Markus Hertel(5)<\/li>\n<\/ul>\n<p>&nbsp;<\/p>\n<p><strong>Hier unsere Kandidat*innen f\u00fcr Weissach:<\/strong><\/p>\n<p><a href=\"https:\/\/gruene-weissach.de\/?attachment_id=1510\" rel=\"attachment wp-att-1510\"><img loading=\"lazy\" decoding=\"async\" class=\"size-large wp-image-1510 alignnone\" src=\"https:\/\/gruene-weissach.de\/wp-content\/uploads\/2024\/05\/Kreistag-800x424.jpg\" alt=\"\" width=\"640\" height=\"339\" srcset=\"https:\/\/gruene-weissach.de\/wp-content\/uploads\/2024\/05\/Kreistag-800x424.jpg 800w, https:\/\/gruene-weissach.de\/wp-content\/uploads\/2024\/05\/Kreistag-400x212.jpg 400w, https:\/\/gruene-weissach.de\/wp-content\/uploads\/2024\/05\/Kreistag-768x407.jpg 768w, https:\/\/gruene-weissach.de\/wp-content\/uploads\/2024\/05\/Kreistag-1536x814.jpg 1536w, https:\/\/gruene-weissach.de\/wp-content\/uploads\/2024\/05\/Kreistag-2048x1085.jpg 2048w\" sizes=\"auto, (max-width: 640px) 100vw, 640px\" \/><\/a><br \/>\nMarkus Hertel, Petra Herter und J\u00f6rg Herter<\/p>\n<h6>Unser Kreistagswahlprogramm &#8211; Daf\u00fcr sind wir hier!<\/h6>\n<p><strong>Vorwort<\/strong><br \/>\nDer Landkreis B\u00f6blingen ist einer der wirtschaftsst\u00e4rksten Kreise in Deutschland (Prognos-Studie 2022). F\u00fcr uns als B\u00dcNDNIS90\/DIE GR\u00dcNEN ist dies Chance und Verpflichtung zugleich. Deshalb kann unser Landkreis die Herausforderungen der Zukunft tatkr\u00e4ftig anpacken und beispielhaft vorangehen. Wir brauchen nachhalt-igen Klimaschutz und wirkungsvolle Anpassungsstrategien, um die notwendige Transformation der Wirtschaft zu schaffen, die Innovationsf\u00e4higkeit zu st\u00e4rken und die Folgen des Klimawandels zu bew\u00e4ltigen. Eine starke Gr\u00fcne Fraktion ist der Garant daf\u00fcr, dass diese Ziele auf Kreisebene verwirklicht werden.<\/p>\n<p><strong>Wo auf Kreisebene gestaltet werden kann, machen wir uns stark f\u00fcr eine umweltfreundliche Mobilit\u00e4t<\/strong><\/p>\n<ul>\n<li>die F\u00f6rderung des konsequenten Ausbaus der erneuerbaren Energien im gesamten Landkreis, um so vor Ort nachhaltig unser Klima zu sch\u00fctzen und unseren Wirtschaftsstandort zukunftsf\u00e4hig und bezahlbar zu st\u00e4rken<\/li>\n<li>den Ausbau von erneuerbarer Energie auf kreiseigenen Fl\u00e4chen<\/li>\n<li>die Beschleunigung der Genehmigungsverfahren f\u00fcr Windenergie unter Beachtung naturschutzrechtlicher Belange<\/li>\n<li>nachhaltiges Sanieren und Bauen kreiseigener Geb\u00e4ude<\/li>\n<li>Abfallvermeidung und Kreislaufwirtschaft<\/li>\n<li>gerechte und innovative Bildungsangebote<\/li>\n<li>passgenaue Angebote in der Jugend- und Familienf\u00f6rderung<\/li>\n<li>die Sicherung einer zukunftsf\u00e4higen kommunalen Krankenhausversorgung<\/li>\n<\/ul>\n<p>Den begonnenen Prozess der Digitalisierung wollen wir zum B\u00fcrokratieabbau und zur Unterst\u00fctzung der erforderlichen Transformationen weiterentwickeln und datenschutzkonform voranbringen.<\/p>\n<p><strong>Die Erfolge unserer politischen Arbeit k\u00f6nnen sich sehen lassen!<\/strong><\/p>\n<ul>\n<li>Gemeinsam haben wir erreicht<\/li>\n<li>den Bau von Photovoltaikanlagen auf D\u00e4chern kreiseigener Geb\u00e4ude<\/li>\n<li>die St\u00e4rkung und den Ausbau der Energieagentur<\/li>\n<li>neue Personalstellen f\u00fcr schnellere Genehmigungsverfahren f\u00fcr den notwendigen Ausbau der Windkraft<\/li>\n<li>den KfW-40 Standard bei Neubauten und Sanierungen von Geb\u00e4uden<\/li>\n<li>die Pr\u00fcfung aller Vorhaben auf Klimarelevanz<\/li>\n<li>die Umsetzung der Nachhaltigkeitsstrategie<\/li>\n<li>die Zertifizierung zum Fairtrade-Landkreis<\/li>\n<li>einen Einkaufsf\u00fchrer f\u00fcr regionale und fair gehandelte Produkte<\/li>\n<li>den Ausbau des \u00d6PNV-Angebotes bei Bus und Bahn<\/li>\n<li>den Abbau von Barrieren bei Bussen und Bushaltestellen<\/li>\n<li>die Neubeschaffungen von emissionsarmen Fahrzeugen<\/li>\n<li>nachhaltige Sanierungskonzepte beim Stra\u00dfenerhaltungsprogramm<\/li>\n<li>eine Gr\u00fcnpflege im Sinne der Biodiversit\u00e4t an Kreisstra\u00dfen<\/li>\n<li>den Ausbau von Radschnellwegen und des Radwegenetzes<\/li>\n<li>die Gr\u00fcndung der Initiative f\u00fcr bezahlbaren Wohnraum<\/li>\n<li>die Aktivierung von leerstehendem Wohnraum<\/li>\n<li>ein Konzept f\u00fcr einen Tierwohl gerechten Schlachthof mit Weideschlachtung und regionaler Vermarktungsstrategie<\/li>\n<\/ul>\n<p><strong>Diese erfolgreiche Arbeit wollen wir fortf\u00fchren!<\/strong><\/p>\n<p><strong>Im Bereich der Mobilit\u00e4t setzen wir uns ein f\u00fcr<\/strong><\/p>\n<ul>\n<li>ein zuverl\u00e4ssiges und g\u00fcnstigeres \u00d6PNV-Angebot mit Taktverdichtung<\/li>\n<li>eine Verzahnung der verschiedenen Verkehrsmittel mit Hilfe von k\u00fcnstlicher Intelligenz (KI)<\/li>\n<li>einen Mobilit\u00e4tspass zur Finanzierung des \u00d6PNV<\/li>\n<li>eine strenge Pr\u00fcfung jedes Stra\u00dfenausbauprojektes auf Notwendigkeit und Klimaauswirkungen<\/li>\n<li>ein Konzept f\u00fcr den R\u00fcckbau \u00fcberfl\u00fcssiger Stra\u00dfen<\/li>\n<li>den Erhalt der G\u00e4ubahntrasse bis Stuttgart<\/li>\n<li>ein drittes Bahngleis bis Herrenberg<\/li>\n<li>den Metropolexpress (MEX) Calw &#8211; Stuttgarter Tiefbahnhof<\/li>\n<li>eine Bahnverbindung zwischen Herrenberg und Nagold<\/li>\n<li>den weiteren Ausbau des Schienenverkehrs, z.B. Verl\u00e4ngerung der Stra\u00dfenbahn von Stuttgart-Vaihingen \u00fcber Sindelfingen nach B\u00f6blingen<\/li>\n<li>den durchgehenden Ausbau von Radverkehrsverbindungen<\/li>\n<li>moderne Radabstellanlagen an allen Verkehrsknotenpunkten<\/li>\n<li>einen kostenfreien Nahverkehr f\u00fcr alle an Wochenenden<\/li>\n<li>mehr On-Demand-Angebote (z.B. Rufbusse)<\/li>\n<li>ein Sozialticket<\/li>\n<li>die Einbindung ortsans\u00e4ssiger Unternehmen zur Sicherung des \u00d6PNV in der Fl\u00e4che<\/li>\n<li>eine zentrale Ansprechstelle f\u00fcr Probleme im \u00d6PNV und die Vernetzung der verschiedenen Ebenen<\/li>\n<li>die Einf\u00fchrung eines Qualit\u00e4tsmanagements zur Verbesserung des \u00d6PNV<\/li>\n<\/ul>\n<p><strong>Im Bereich Klimaschutz und Klimafolgenanpassung setzen wir uns ein f\u00fcr<\/strong><\/p>\n<ul>\n<li>den weiteren Ausbau der erneuerbaren Energien<\/li>\n<li>genossenschaftliche Modelle beim Ausbau der erneuerbaren Energien zur aktiven Beteiligung der B\u00fcrgerinnen und B\u00fcrger<\/li>\n<li>die energetische Sanierung kommunaler Geb\u00e4ude<\/li>\n<li>klimaangepasstes Bauen und Sanieren kreiseigener Geb\u00e4ude<\/li>\n<li>einen CO2-Schattenpreis bei kommunalen Bauvorhaben<\/li>\n<li>die Umsetzung der Ma\u00dfnahmen aus dem Klimafolgeanpassungskonzept KlimaBB<\/li>\n<li>die Pr\u00fcfung und Umsetzung der Holzbauweise bei Projekten des Kreises<\/li>\n<li>die Entwicklung von Strategien zur Einsparung des kostbaren Trinkwassers z.B. Zisternenoffensive<\/li>\n<\/ul>\n<p><strong>Im Bereich der Abfallwirtschaft setzen wir uns ein f\u00fcr<\/strong><\/p>\n<ul>\n<li>ein Konzept zur konsequenten M\u00fcllvermeidung<\/li>\n<li>die Auszeichnung von Produkten, die sich durch Langlebigkeit und Reparaturf\u00e4higkeit auszeichnen<\/li>\n<li>Ma\u00dfnahmen zur Reduzierung des Plastikm\u00fclls<\/li>\n<li>die Entwicklung von nachhaltigen Recyclingkonzepten, z.B. f\u00fcr Speise\u00f6le und Betonrecycling<\/li>\n<li>eine \u00f6kologische Kreislaufwirtschaft und innovative Prozesse, um Rohstoffe zu schonen<\/li>\n<li>eine Aufkl\u00e4rungsoffensive f\u00fcr den Einsatz von Recyclingprodukten beim Bauen z.B. Beton<\/li>\n<li>die Wiedereinf\u00fchrung des Schadstoffmobils<\/li>\n<li>ein Verschenkh\u00e4usle auf allen Wertstoffh\u00f6fen<\/li>\n<\/ul>\n<p><strong>Im Bereich des Naturschutzes und der Landwirtschaft setzen wir uns ein f\u00fcr<\/strong><\/p>\n<ul>\n<li>die F\u00f6rderung der regionalen Vermarktung<\/li>\n<li>die Einf\u00fchrung eines Herkunftsnachweises auf allen regionalen Produkten<\/li>\n<li>den Erhalt und die weitere F\u00f6rderung der Streuobstwiesen<\/li>\n<li>die intensivere Zusammenarbeit mit dem Landschaftserhaltungsverband (LEV) auch als Ansprechpartner, z. B. gegen den verst\u00e4rkten Mistelbewuchs in den B\u00e4umen<\/li>\n<li>die Sicherung der Produktionsfl\u00e4chen f\u00fcr die einheimische Landwirtschaft<\/li>\n<li>die F\u00f6rderung von biologischem Landbau<\/li>\n<li>die Unterst\u00fctzung des konventionellen Landbaus bei den Bem\u00fchungen um klimagerechte Produktion<\/li>\n<li>den Erhalt und die St\u00e4rkung der Biodiversit\u00e4t<\/li>\n<li>die F\u00f6rderung von Naturschutzma\u00dfnahmen, z.B. durch Biotopvernetzung in allen Kommunen<\/li>\n<li>eine Umsetzung von Agri-PV-Konzepten gemeinsam mit den Landwirten des Landkreises<\/li>\n<\/ul>\n<p><strong>Im Bereich der Gesundheitsversorgung setzen wir uns ein f\u00fcr<\/strong><\/p>\n<ul>\n<li>eine gute, gerechte, moderne und verl\u00e4ssliche medizinische Versorgung der Bev\u00f6lkerung<\/li>\n<li>die nachhaltige Weiterentwicklung des Medizinkonzeptes, vorgegeben durch Rahmenbedingungen wie Mindestmengen, Spezialisierung, Ambulantisierung und Fachkr\u00e4ftemangel<\/li>\n<li>die Umsetzung der geplanten Zielbilder zur Gew\u00e4hrleistung einer guten Grundbedarfsversorgung und Pflege vor Ort (z.B. eine solit\u00e4re Kurzzeitpflege)<\/li>\n<li>eine solide langfristige Finanzierung durch die kommunale Hand und die Vermeidung einer Privatisierung<\/li>\n<li>die Linderung des Fachkr\u00e4ftemangels, z.B. durch den Ausbau der eigenen Ausbildung und die Schaffung attraktiver Arbeitsbedingungen<\/li>\n<li>die Bereitstellung von Finanzmitteln von Bund und Land<\/li>\n<li>die Erhaltung und Ausweitung der hebammengef\u00fchrten Krei\u00dfs\u00e4le und familienfreundlich zertifizierten Geburtsstationen<\/li>\n<li>die Weiterf\u00fchrung der Arbeit \u201eRunder Tisch Gesundheitsversorgung\u201c<\/li>\n<li>die Bildung von Gesundheitszentren zur Sicherung der ambulanten Medizinversorgung und die Sicherung der Facharzt- und Hausarztversorgung<\/li>\n<\/ul>\n<p><strong>Im Bereich Jugend und Bildung setzen wir uns ein f\u00fcr<\/strong><\/p>\n<ul>\n<li>eine gute Umsetzung der umfangreichen Reform des Kinder- und Jugendst\u00e4rkungsgesetzes (KJSE)<\/li>\n<li>pr\u00e4ventive Hilfen f\u00fcr Familien (z.B. Familien am Start)<\/li>\n<li>neue Schulentwicklungskonzepte f\u00fcr die Kreisschulen<\/li>\n<li>zukunftsf\u00e4hige Ausbildungszweige angepasst an die Transformation der Wirtschaft<\/li>\n<li>ein \u201eHaus des Jugendrechts\u201c<\/li>\n<li>die Weiterentwicklung des Herman-Hollerith-Zentrum zum Hochschulstandort B\u00f6blingen<\/li>\n<li>eine weitere F\u00f6rderung von Startups und des Handwerks im Zentrum f\u00fcr Digitalisierung<\/li>\n<li>Konzepte zur Verbesserung der Chancengleichheit<\/li>\n<\/ul>\n<p><strong>Im Bereich Soziales setzen wir uns ein f\u00fcr<\/strong><\/p>\n<ul>\n<li>die St\u00e4rkung der Demokratie, den Zusammenhalt in unserer Gesellschaft und den Erhalt der Vielfalt in unserem Kreis, die Unterst\u00fctzung von \u201eLandkreis bleibt bunt e.V.\u201c gegen Rassismus, Hass und Antisemitismus<\/li>\n<li>die Gr\u00fcndung einer B\u00fcrgergenossenschaft Wohnen, um im Zusammenwirken mit den Kommunen bezahlbaren Wohnraum zu schaffen<\/li>\n<li>die St\u00e4rkung des Ehrenamtes, z.B. durch eine Ehrenamtskarte<\/li>\n<li>die weitere Unterst\u00fctzung der wertvollen Arbeit von Thamar und AMILA f\u00fcr Opfer von h\u00e4uslicher und sexualisierter Gewalt<\/li>\n<li>die z\u00fcgige Umsetzung des Frauen- und Kinderschutzhauses im Landkreis B\u00f6blingen<\/li>\n<li>den Ausbau von Projekten der Entwicklungsarbeit auf kommunaler Ebene nach dem Vorbild des Abfallwirtschaftsbetriebs mit Tunesien<\/li>\n<\/ul>\n<p><strong>Im Bereich Migration und Integration setzen wir uns ein f\u00fcr<\/strong><\/p>\n<ul>\n<li>eine Werbung f\u00fcr erfolgreiche Integrationsarbeit durch Aufzeigen von positiven Beispielen<\/li>\n<li>die Weiterf\u00fchrung des Integrationsmanagements<\/li>\n<li>ein Modell f\u00fcr den schnellen Zugang von Gefl\u00fcchteten in den Arbeitsmarkt<\/li>\n<li>eine bedarfsorientierte Beratung f\u00fcr Gefl\u00fcchtete<\/li>\n<li>ein Konzept zur Bewusstseinsbildung von Gefl\u00fcchteten auch f\u00fcr Umweltschutz und Energie- und Ressourceneinsparung<\/li>\n<\/ul>\n<p><strong>Im Bereich der Finanzen setzen wir uns ein f\u00fcr<\/strong><\/p>\n<ul>\n<li>eine nachhaltige Kreisfinanzpolitik<\/li>\n<li>eine Kreisumlage, die den Kommunen Handlungsspielr\u00e4ume l\u00e4sst<\/li>\n<li>die Einhaltung des Konnexit\u00e4tsprinzips (\u201cWer bestellt, bezahlt\u201c)<\/li>\n<li>Kreisschatzbriefe zur Finanzierung des Sanierungsstaus im Bereich der Schulen<\/li>\n<li>eine zukunftsorientierte Investitionspolitik \u2013 \u201eHeute investieren, morgen profitieren\u201c<\/li>\n<\/ul>\n<p>In allen 10 Wahlkreisen stellen sich motivierte und engagierte Gr\u00fcne Kandidatinnen und Kandidaten f\u00fcr Sie zur Wahl. <strong>Mit Ihrer Stimme f\u00fcr B\u00dcNDNIS90 \/ DIE GR\u00dcNEN<\/strong> unterst\u00fctzen Sie die Weiterentwicklung des Landkreises unter \u00f6kologischen, sozialen und \u00f6konomischen Aspekten.<\/p>\n<p><strong>Gemeinsam wollen wir unseren Landkreis fit machen f\u00fcr die vielf\u00e4ltigen Herausforderungen der Gegenwart und Zukunft!<\/strong><\/p>\n<p><a href=\"https:\/\/gruene-weissach.de\/wp-content\/uploads\/2024\/03\/Kreistagswahlprogramm-2024.pdf\" target=\"_blank\" rel=\"noopener\">Download des Kreistagswahlprogramms<\/a><\/p>\n<p><a href=\"https:\/\/gruene-weissach.de\/wp-content\/uploads\/2024\/03\/Werbebloecke-KT-2024.pdf\" target=\"_blank\" rel=\"noopener\">Download Kurzprogramm<\/a><\/p>\n<p>&nbsp;<\/p>\n","protected":false},"excerpt":{"rendered":"<p>Unsere Kandidat*innen (Wahlkreis 05 \u2013 Weil der Stadt \u2013 Rutesheim [&hellip;]<\/p>\n","protected":false},"author":1,"featured_media":0,"parent":1365,"menu_order":0,"comment_status":"closed","ping_status":"closed","template":"","meta":{"footnotes":""},"class_list":["post-1426","page","type-page","status-publish","hentry"],"_links":{"self":[{"href":"https:\/\/gruene-weissach.de\/index.php?rest_route=\/wp\/v2\/pages\/1426","targetHints":{"allow":["GET"]}}],"collection":[{"href":"https:\/\/gruene-weissach.de\/index.php?rest_route=\/wp\/v2\/pages"}],"about":[{"href":"https:\/\/gruene-weissach.de\/index.php?rest_route=\/wp\/v2\/types\/page"}],"author":[{"embeddable":true,"href":"https:\/\/gruene-weissach.de\/index.php?rest_route=\/wp\/v2\/users\/1"}],"replies":[{"embeddable":true,"href":"https:\/\/gruene-weissach.de\/index.php?rest_route=%2Fwp%2Fv2%2Fcomments&post=1426"}],"version-history":[{"count":12,"href":"https:\/\/gruene-weissach.de\/index.php?rest_route=\/wp\/v2\/pages\/1426\/revisions"}],"predecessor-version":[{"id":1511,"href":"https:\/\/gruene-weissach.de\/index.php?rest_route=\/wp\/v2\/pages\/1426\/revisions\/1511"}],"up":[{"embeddable":true,"href":"https:\/\/gruene-weissach.de\/index.php?rest_route=\/wp\/v2\/pages\/1365"}],"wp:attachment":[{"href":"https:\/\/gruene-weissach.de\/index.php?rest_route=%2Fwp%2Fv2%2Fmedia&parent=1426"}],"curies":[{"name":"wp","href":"https:\/\/api.w.org\/{rel}","templated":true}]}}