{"id":37,"date":"2018-11-25T18:36:30","date_gmt":"2018-11-25T17:36:30","guid":{"rendered":"http:\/\/localhost\/gruene\/?page_id=37"},"modified":"2018-11-25T18:36:30","modified_gmt":"2018-11-25T17:36:30","slug":"datenschutz","status":"publish","type":"page","link":"https:\/\/gruene-weissach.de\/?page_id=37","title":{"rendered":"Datenschutz"},"content":{"rendered":"<div class=\"ce-textpic ce-center ce-above\">\n<div class=\"ce-bodytext\">\n<p class=\"bodytext\">Die nachfolgende Datenschutzerkl\u00e4rung gilt f\u00fcr die Nutzung der Webseite <a class=\"external-link-new-window\" title=\"Opens external link in new window\" href=\"https:\/\/gruene-weissach.de\" target=\"_blank\" rel=\"noopener\">https:\/\/gruene-weissach.de<\/a> (nachfolgend \u201eWebseite\u201c).<\/p>\n<p class=\"bodytext\">Die Betreiber dieser Website nehmen den Schutz Ihrer pers\u00f6nlichen Daten sehr ernst. Wir behandeln Ihre personenbezogenen Daten vertraulich und entsprechend der gesetzlichen Datenschutzvorschriften, insbesondere der EU &#8211; Datenschutzgrundverordnung (DSGVO) sowie dieser Datenschutzerkl\u00e4rung.<\/p>\n<p class=\"bodytext\">Die Nutzung unserer Webseite ist in der Regel ohne Angabe personenbezogener Daten m\u00f6glich. Soweit auf unseren Seiten personenbezogene Bestands- oder Kontaktdaten (beispielsweise Name, Anschrift oder E-Mail-Adressen) erhoben werden, erfolgt dies, soweit m\u00f6glich, stets auf freiwilliger Basis. Diese Daten werden nur zum angegebenen Zweck verwendet und ohne Ihre ausdr\u00fcckliche Zustimmung weder an Dritte weitergegeben noch mit anderen Daten zusammengef\u00fchrt.<\/p>\n<p class=\"bodytext\">Nach der DSGVO sind \u201ePersonenbezogene Daten\u201c Informationen, die sich entweder auf identifizierte nat\u00fcrliche Personen oder identifizierbare nat\u00fcrliche Personen beziehen. Als \u201eidentifizierbar\u201c gelten Personen auch, wenn ihnen indirekt Merkmale zugeordnet werden k\u00f6nnen, etwa bei Standortdaten, IPs und Cookies.<\/p>\n<p class=\"bodytext\"><b>1. Verantwortlicher<\/b><\/p>\n<p class=\"bodytext\">Verantwortliche Stelle f\u00fcr die Erhebung, Verarbeitung und Nutzung Ihrer personenbezogenen Daten im Sinne der DSGVO sind die Vorsitzenden des Ortsverbands B\u00fcndnis 90\/Die Gr\u00fcnen Weissach.<\/p>\n<p class=\"bodytext\">Sofern Sie der Erhebung, Verarbeitung oder Nutzung Ihrer Daten durch uns nach Ma\u00dfgabe dieser Datenschutzbestimmungen insgesamt oder f\u00fcr einzelne Ma\u00dfnahmen widersprechen wollen, k\u00f6nnen Sie Ihren Widerspruch an oben genannte verantwortliche Stelle richten.<\/p>\n<p class=\"bodytext\"><b>2. Rechtsgrundlage &amp; Auftragsverarbeiter<\/b><\/p>\n<p class=\"bodytext\">Die Rechtsgrundlage f\u00fcr die Datenverarbeitung ist Art. 6 DSGVO. Sofern wir im Rahmen unserer Verarbeitung Zugriff auf Daten gew\u00e4hren, erfolgt dies nur auf Grundlage einer gesetzlichen Erlaubnis, Sie eingewilligt haben, eine rechtliche Verpflichtung dies vorsieht oder auf Grundlage unserer berechtigten Interessen.<\/p>\n<p class=\"bodytext\">Unser Anliegen im Sinne der DSGVO (berechtigtes Interesse DSGVO Art. 6 Abs. 1f) ist die Verbesserung unseres Angebotes und unseres Webauftritts.<\/p>\n<p class=\"bodytext\">Wir haben unseren Webhoster nach Art. 28 DSGVO mit der Verarbeitung von Daten auf Grundlage eines sog. \u201eAuftragsverarbeitungsvertrages\u201c beauftragt. Die Erbringung der vertraglich vereinbarten Datenverarbeitung findet ausschlie\u00dflich in einem Mitgliedsstaat der Europ\u00e4ischen Union oder in einem anderen Vertragsstaat des Abkommens \u00fcber den Europ\u00e4ischen Wirtschaftsraum statt.<\/p>\n<p class=\"bodytext\"><b>3. Nutzerrechte<\/b><\/p>\n<p class=\"bodytext\">Sie haben das Recht nach Art. 15 DSGVO Auskunft dar\u00fcber zu verlangen, ob Sie betreffende personenbezogene Daten erhoben und verarbeitet wurden. Wir erteilen Ihnen jederzeit unentgeltlich Auskunft \u00fcber Ihre gespeicherten personenbezogenen Daten, deren Herkunft und Empf\u00e4nger und den Zweck der Datenverarbeitung.<\/p>\n<p class=\"bodytext\">Sie haben das Recht nach Art. 16 DSGVO die Vervollst\u00e4ndigung oder Berichtigung Sie betreffender personenbezogener Daten zu verlangen.<\/p>\n<p class=\"bodytext\">Sie haben das Recht nach Art. 17 DSGVO zu verlangen, dass Sie betreffende Daten gel\u00f6scht werden. Wir sind dann verpflichtet dem nachzukommen und die Daten unverz\u00fcglich zu l\u00f6schen.<\/p>\n<p class=\"bodytext\">Sie haben das Recht nach Art. 20 DSGVO, dass wir Ihnen Sie betreffende Daten bereitstellen und in maschinenlesbarer Form zur \u00dcbermittlung an Dritte zukommen lassen.<\/p>\n<p class=\"bodytext\">Hierzu sowie zu weiteren Fragen zum Thema personenbezogene Daten k\u00f6nnen Sie sich jederzeit an uns wenden.<\/p>\n<p class=\"bodytext\"><b>4. Links zu anderen Websites<\/b><\/p>\n<p class=\"bodytext\">Sie finden auf unseren Seiten Links zu anderen Seiten im Internet. F\u00fcr alle diese Links und Banner gilt, dass wir keinerlei Einfluss auf die Gestaltung und die Inhalte der gelinkten Seiten haben. Deswegen \u00fcbernehmen wir auch keinerlei Verantwortung f\u00fcr Inhalt, Gestaltung und die Datenschutzbestimmungen dieser Seiten.<\/p>\n<p class=\"bodytext\"><b>5. Anwendungen<\/b><\/p>\n<p class=\"bodytext\">Im Folgenden informieren wir \u00fcber Erhebung und Speicherung personenbezogener Daten im Rahmen einzelner Anwendungen dieser Webseite.<\/p>\n<p class=\"bodytext\">Pers\u00f6nliche Daten, die Sie uns elektronisch \u00fcbermitteln, z.B. Ihren Namen, Postanschrift, E-Mail-Adresse oder andere pers\u00f6nlichen Angaben, werden von uns nur zum jeweils angegebenen Zweck verwendet, sicher verwahrt und nicht an Dritte weitergegeben. Wir werden Ihnen nur Informationen zuschicken, sofern Sie sich f\u00fcr entsprechende Dienste angemeldet haben. Eine Speicherung der Kontaktanfrage auf dem Webserver erfolgt nicht.<\/p>\n<p>F\u00fcr den Fall, dass Sie die Ansicht vertreten, dass die Verwendung Ihrer Daten rechtswidrig erfolgt ist, haben Sie nach Art. 77 DSGVO das Recht, sich bei der zust\u00e4ndigen Aufsichtsbeh\u00f6rde zu beschweren, in unserem Fall bei dem Landesbeauftragten f\u00fcr den Datenschutz und die Informationsfreiheit Baden-W\u00fcrttemberg unter der folgenden E-Mail- Adresse: <a rel=\"noopener noreferrer\">poststelle@lfdi.bwl.de<\/a><\/p>\n<\/div>\n<\/div>\n","protected":false},"excerpt":{"rendered":"<p>Die nachfolgende Datenschutzerkl\u00e4rung gilt f\u00fcr die Nutzung der Webseite https:\/\/gruene-weissach.de [&hellip;]<\/p>\n","protected":false},"author":1,"featured_media":0,"parent":0,"menu_order":0,"comment_status":"closed","ping_status":"closed","template":"","meta":{"footnotes":""},"class_list":["post-37","page","type-page","status-publish","hentry"],"_links":{"self":[{"href":"https:\/\/gruene-weissach.de\/index.php?rest_route=\/wp\/v2\/pages\/37","targetHints":{"allow":["GET"]}}],"collection":[{"href":"https:\/\/gruene-weissach.de\/index.php?rest_route=\/wp\/v2\/pages"}],"about":[{"href":"https:\/\/gruene-weissach.de\/index.php?rest_route=\/wp\/v2\/types\/page"}],"author":[{"embeddable":true,"href":"https:\/\/gruene-weissach.de\/index.php?rest_route=\/wp\/v2\/users\/1"}],"replies":[{"embeddable":true,"href":"https:\/\/gruene-weissach.de\/index.php?rest_route=%2Fwp%2Fv2%2Fcomments&post=37"}],"version-history":[{"count":0,"href":"https:\/\/gruene-weissach.de\/index.php?rest_route=\/wp\/v2\/pages\/37\/revisions"}],"wp:attachment":[{"href":"https:\/\/gruene-weissach.de\/index.php?rest_route=%2Fwp%2Fv2%2Fmedia&parent=37"}],"curies":[{"name":"wp","href":"https:\/\/api.w.org\/{rel}","templated":true}]}}