{"id":772,"date":"2020-08-12T11:56:53","date_gmt":"2020-08-12T09:56:53","guid":{"rendered":"https:\/\/gruene-weissach.de\/?page_id=772"},"modified":"2020-10-02T12:54:47","modified_gmt":"2020-10-02T10:54:47","slug":"neue-ortsmitte-weissach","status":"publish","type":"page","link":"https:\/\/gruene-weissach.de\/?page_id=772","title":{"rendered":"Neue Ortsmitte Weissach"},"content":{"rendered":"<p class=\"western\" lang=\"it-IT\"><span style=\"font-size: large;\"><u><b>Eine Neue Mitte f\u00fcr Weissach \u2013 ein Jahrhundertprojekt<\/b><\/u><\/span><\/p>\n<p class=\"western\"><span style=\"font-size: large;\"><b>Heute an Morgen denken &#8211; eine lebenswerte Mitte f\u00fcr ALLE<\/b><\/span><\/p>\n<p class=\"western\"><span style=\"color: #000000;\">Die Planung der neuen Ortsmitte Weissach nimmt nun Fahrt auf.<\/span><\/p>\n<p class=\"western\"><span style=\"color: #000000;\">Ein gro\u00dfes Projekt, das uns einige Jahre begleiten wird und unseren Ort bis ins n\u00e4chste Jahrhundert pr\u00e4gen wird. <\/span><\/p>\n<p class=\"western\">Eine gro\u00dfe Aufgabe aber auch riesige Verantwortung finden wir!<\/p>\n<p class=\"western\"><span style=\"color: #000000;\">Unserer GR\u00dcNEN Gemeinderatsfraktion ist es dabei sehr wichtig, die B\u00fcrger aktiv zu beteiligen und umfassend einzubinden.<\/span><\/p>\n<p class=\"western\">Wir Gr\u00fcne haben uns zum Ziel gesetzt, unsere Mitte zu einem<\/p>\n<ul>\n<li>lebendigen<\/li>\n<li>sicheren<\/li>\n<li>nachhaltigen und<\/li>\n<li>gesunden<\/li>\n<\/ul>\n<p class=\"western\"><span lang=\"it-IT\">Ort zu gestalten, damit dieser eine lebenswerte Mitte f\u00fcr <\/span><span lang=\"it-IT\"><b>ALLE<\/b><\/span><span lang=\"it-IT\"> wird.<\/span><\/p>\n<p class=\"western\"><span lang=\"it-IT\">Dies erfordert aus unserer Sicht, dass wir heute schon an morgen denken und fordern, dass Konzepte von Morgen diese Mitte gestalten m\u00fcssen.<\/span><\/p>\n<p class=\"western\"><span lang=\"it-IT\">Wir wollen eine klimaneutrale Ortmitte &#8211; zukunftsf\u00e4hig und nachhaltig ins n\u00e4chste Jahrhundert &#8211; \u00f6kologische Aspekte m\u00fcssen h\u00f6chste Priorit\u00e4t haben. <\/span><\/p>\n<p class=\"western\"><span lang=\"it-IT\">Weissach als \u00f6kologische Modellgemeinde, das w\u00fcnschen WIR uns!<\/span><\/p>\n<p class=\"western\"><span style=\"font-size: large;\"><span lang=\"it-IT\">F\u00fcr uns gilt: <\/span><\/span><span style=\"font-size: large;\"><span lang=\"it-IT\"><b>LEBEN, RAUM, BAUTEN<\/b><\/span><\/span><span style=\"font-size: large;\"><span lang=\"it-IT\"> in dieser Reihenfolge.<\/span><\/span><\/p>\n<p class=\"western\" lang=\"it-IT\"><strong>Daf\u00fcr werden wir uns mit gro\u00dfem Engagement einsetzen!<\/strong><\/p>\n<p lang=\"it-IT\">Hier stellen wir unsere <a href=\"https:\/\/gruene-weissach.de\/?page_id=808\">Gr\u00fcnen Themenbereiche<\/a> vor.<\/p>\n<hr \/>\n<p lang=\"it-IT\"><strong>Welche Ideen oder Anregungen hast du f\u00fcr die neue Ortsmitte von Weissach? Gerne h\u00f6ren wir von dir!<\/strong><\/p>\n<p lang=\"it-IT\">Email: <a href=\"#\" data-unscramble=\"ed.hcassiew-eneurg@ettimstro-euen\">neue-ortsmitte@gruene-weissach.de<\/a><\/p>\n<p lang=\"it-IT\">Bitte teile uns auch mit, ob wir deinen Vorschlag mit deinem Namen oder auch anonym auf unserer Webseite ver\u00f6ffentlichen d\u00fcrfen.<\/p>\n<p lang=\"it-IT\">Hier findest du unser <a href=\"https:\/\/gruene-weissach.de\/?page_id=800\">Diskussionsforum.<\/a><\/p>\n<p lang=\"it-IT\">Vielen Dank!<\/p>\n","protected":false},"excerpt":{"rendered":"<p>Eine Neue Mitte f\u00fcr Weissach \u2013 ein Jahrhundertprojekt Heute an [&hellip;]<\/p>\n","protected":false},"author":1,"featured_media":0,"parent":0,"menu_order":0,"comment_status":"closed","ping_status":"closed","template":"","meta":{"footnotes":""},"class_list":["post-772","page","type-page","status-publish","hentry"],"_links":{"self":[{"href":"https:\/\/gruene-weissach.de\/index.php?rest_route=\/wp\/v2\/pages\/772","targetHints":{"allow":["GET"]}}],"collection":[{"href":"https:\/\/gruene-weissach.de\/index.php?rest_route=\/wp\/v2\/pages"}],"about":[{"href":"https:\/\/gruene-weissach.de\/index.php?rest_route=\/wp\/v2\/types\/page"}],"author":[{"embeddable":true,"href":"https:\/\/gruene-weissach.de\/index.php?rest_route=\/wp\/v2\/users\/1"}],"replies":[{"embeddable":true,"href":"https:\/\/gruene-weissach.de\/index.php?rest_route=%2Fwp%2Fv2%2Fcomments&post=772"}],"version-history":[{"count":9,"href":"https:\/\/gruene-weissach.de\/index.php?rest_route=\/wp\/v2\/pages\/772\/revisions"}],"predecessor-version":[{"id":811,"href":"https:\/\/gruene-weissach.de\/index.php?rest_route=\/wp\/v2\/pages\/772\/revisions\/811"}],"wp:attachment":[{"href":"https:\/\/gruene-weissach.de\/index.php?rest_route=%2Fwp%2Fv2%2Fmedia&parent=772"}],"curies":[{"name":"wp","href":"https:\/\/api.w.org\/{rel}","templated":true}]}}