{"id":800,"date":"2020-09-23T12:09:44","date_gmt":"2020-09-23T10:09:44","guid":{"rendered":"https:\/\/gruene-weissach.de\/?page_id=800"},"modified":"2025-05-26T15:46:26","modified_gmt":"2025-05-26T13:46:26","slug":"diskussionsforum-zur-neuen-ortsmitte-weissach","status":"publish","type":"page","link":"https:\/\/gruene-weissach.de\/?page_id=800","title":{"rendered":"Diskussionsforum zur neuen Ortsmitte Weissach"},"content":{"rendered":"<h3>Vorschl\u00e4ge und Anregungen zur neuen Ortsmitte von Weissach<\/h3>\n<p>Hier k\u00f6nnte auch dein Beitrag erscheinen! Einfach per Email an uns schicken: <a href=\"#\" data-unscramble=\"ed.hcassiew-eneurg@ettimstro-euen\">neue-ortsmitte@gruene-weissach.de<\/a><\/p>\n<p>&nbsp;<\/p>\n<hr \/>\n<h4><\/h4>\n<h4>Gemeinderatssitzung am 16. November 2020 &#8211; Pr\u00e4sentationen zu Handel und Verkehr<\/h4>\n<p>In der Gemeinderatssitzung am 16.11.2020 wurden nun die Fachgutachten Einzelhandel in Weissach sowie das Verkehrsgutachten vorgestellt<br \/>\nWir h\u00e4tten uns gew\u00fcnscht, dass diese bereits bei den Einwohnerversammlungen den B\u00fcrger*innen vorgestellt werden.<br \/>\nAb sofort kannst du alle diese auf der Homepage der Gemeinde Weissach im Ratsinformationssystem unter der Gemeinderatssitzung am 16.11.2020<br \/>\nund dem Tagesordnungspunkt 6 aufgerufen werden. Schau doch mal hinein! Vor allem die verkehrlichen Varianten sind sehr interessant und bieten eine Grundlage die f\u00fcr weiteren Diskussionen. <a href=\"https:\/\/weissach.ris-portal.de\/web\/guest\/sitzungen?sitzungId=23716&amp;th_currentYear=2020&amp;th_currentMonth=10&amp;th_currentDay=16&amp;th_viewMode=viewList&amp;th_filterId=&amp;th_filterMySitzungen=false&amp;th_filterCustomEvents=true\" target=\"_blank\" rel=\"noopener noreferrer\">Hier geht es zum Ratsinformationssystem.<\/a><\/p>\n<p>Alternativ k\u00f6nnen die beiden Pr\u00e4sentation auch direkt von unserer Webseite heruntergeladen werden:<\/p>\n<ul>\n<li><a href=\"https:\/\/gruene-weissach.de\/wp-content\/uploads\/2020\/11\/GR-16112020_NeueOrtsmitte_Handel.pdf\">Gutachten zu Gewerbe und Handel<\/a><\/li>\n<li><a href=\"https:\/\/gruene-weissach.de\/wp-content\/uploads\/2020\/11\/GR-16112020_NeueOrtsmitte_Verkehr.pdf\">Verkehrsgutachten<\/a><\/li>\n<\/ul>\n<p>Wir freuen uns auch \u00fcber ein Feedback hierzu. <a href=\"#\" data-unscramble=\"ed.hcassiew-eneurg@ettimstro-euen\">neue-ortsmitte@gruene-weissach.de<\/a><\/p>\n<hr \/>\n<p>&nbsp;<\/p>\n<p>&nbsp;<\/p>\n<p>&nbsp;<\/p>\n","protected":false},"excerpt":{"rendered":"<p>Vorschl\u00e4ge und Anregungen zur neuen Ortsmitte von Weissach Hier k\u00f6nnte [&hellip;]<\/p>\n","protected":false},"author":1,"featured_media":0,"parent":772,"menu_order":0,"comment_status":"closed","ping_status":"closed","template":"","meta":{"footnotes":""},"class_list":["post-800","page","type-page","status-publish","hentry"],"_links":{"self":[{"href":"https:\/\/gruene-weissach.de\/index.php?rest_route=\/wp\/v2\/pages\/800","targetHints":{"allow":["GET"]}}],"collection":[{"href":"https:\/\/gruene-weissach.de\/index.php?rest_route=\/wp\/v2\/pages"}],"about":[{"href":"https:\/\/gruene-weissach.de\/index.php?rest_route=\/wp\/v2\/types\/page"}],"author":[{"embeddable":true,"href":"https:\/\/gruene-weissach.de\/index.php?rest_route=\/wp\/v2\/users\/1"}],"replies":[{"embeddable":true,"href":"https:\/\/gruene-weissach.de\/index.php?rest_route=%2Fwp%2Fv2%2Fcomments&post=800"}],"version-history":[{"count":8,"href":"https:\/\/gruene-weissach.de\/index.php?rest_route=\/wp\/v2\/pages\/800\/revisions"}],"predecessor-version":[{"id":1618,"href":"https:\/\/gruene-weissach.de\/index.php?rest_route=\/wp\/v2\/pages\/800\/revisions\/1618"}],"up":[{"embeddable":true,"href":"https:\/\/gruene-weissach.de\/index.php?rest_route=\/wp\/v2\/pages\/772"}],"wp:attachment":[{"href":"https:\/\/gruene-weissach.de\/index.php?rest_route=%2Fwp%2Fv2%2Fmedia&parent=800"}],"curies":[{"name":"wp","href":"https:\/\/api.w.org\/{rel}","templated":true}]}}