{"id":808,"date":"2020-10-02T12:50:01","date_gmt":"2020-10-02T10:50:01","guid":{"rendered":"https:\/\/gruene-weissach.de\/?page_id=808"},"modified":"2020-10-02T12:59:32","modified_gmt":"2020-10-02T10:59:32","slug":"gruene-ideen-und-vorschlaege","status":"publish","type":"page","link":"https:\/\/gruene-weissach.de\/?page_id=808","title":{"rendered":"Gr\u00fcne Ideen und Vorschl\u00e4ge"},"content":{"rendered":"<h4 class=\"western\" lang=\"it-IT\"><b>Unsere Gr\u00fcnen Themenbereiche f\u00fcr die Neue Ortsmitte in Weissach<br \/>\n<\/b><\/h4>\n<ol>\n<li>\n<p lang=\"it-IT\"><b>Wohnen &#8211; Leben<\/b><\/p>\n<\/li>\n<li><span lang=\"it-IT\"><b>Gewerbe &#8211; Einkaufen und Arbeiten<\/b><\/span><\/li>\n<li><span lang=\"it-IT\"><b>Verkehr und Mobili\u00e4t &#8211; Fortbewegen<\/b><\/span><\/li>\n<li>\n<p lang=\"it-IT\"><b>Freizeit und Erholung &#8211; Aufhalten<\/b><\/p>\n<\/li>\n<\/ol>\n<h4 class=\"western\" lang=\"it-IT\" align=\"justify\"><b>1. Wohnen &#8211; Leben <\/b><\/h4>\n<p class=\"western\"><b>Gemeinsam Gr\u00fcn Wohnen <\/b><\/p>\n<p class=\"western\"><span style=\"font-size: small;\">&#8222;Gr\u00fcn ist auch bunt: F\u00fcr ein klimafreundliches und vielf\u00e4ltiges Miteinander in unserer Ortsmitte.&#8220;<\/span><\/p>\n<ul>\n<li><span style=\"color: #000000;\"><span style=\"font-size: small;\">Alternative Wohnformen sollen Gemeinschaft f\u00f6rdern<\/span><\/span><\/li>\n<li><span style=\"color: #000000;\"><span style=\"font-size: small;\">\u00d6kologisches Bauen mit nachhaltigen Materialien unter Ber\u00fccksichtigung des Artenschutzes f\u00fcr unser Klima<\/span><\/span><\/li>\n<li><span style=\"font-size: small;\">Bezahlbares und familiengerechtes Wohnen geh\u00f6ren zu einer Mitte f\u00fcr ALLE<\/span><\/li>\n<li><span style=\"font-size: small;\">Bedarfsgerechtes Wohnen im Alter<\/span><\/li>\n<\/ul>\n<h4 class=\"western\"><span lang=\"it-IT\"><b>2. Gewerbe &#8211; Einkaufen und Arbeiten<\/b><\/span><\/h4>\n<p class=\"western\"><span lang=\"it-IT\"><b>Lokal, regional \u2013 erste Wahl! <\/b><\/span><\/p>\n<p class=\"western\" lang=\"it-IT\"><span style=\"font-size: small;\">Lokale Vielfalt und regionales Angebot f\u00fcr einen Ort der kurzen Wege<\/span><\/p>\n<ul>\n<li>\n<p lang=\"it-IT\"><span style=\"font-size: small;\">\u00d6rtliche Gewerbevielfalt sichert lokalen Einkauf<\/span><\/p>\n<\/li>\n<li>\n<p lang=\"it-IT\"><span style=\"font-size: small;\">Regionales Einkaufen f\u00fcr einen klimafreundlichen Ort<\/span><\/p>\n<\/li>\n<li><span style=\"font-size: small;\"><span lang=\"it-IT\">Ortsmitte muss durch vielf\u00e4ltiges Angebot Treffpunkt werden<\/span><\/span><\/li>\n<li><span style=\"font-size: small;\"><span lang=\"it-IT\">Einkaufen im Ort muss Spa\u00df machen und zum Verweilen einladen<\/span><\/span><\/li>\n<li>\n<p lang=\"it-IT\"><span style=\"font-size: small;\">Kaufkraft muss im Ort bleiben<\/span><\/p>\n<\/li>\n<li>\n<p lang=\"it-IT\"><span style=\"font-size: small;\">Einkaufen durch kurze Wege, spart Zeit <\/span><\/p>\n<\/li>\n<li>\n<p lang=\"it-IT\"><span style=\"font-size: small;\">Klimafreundlichen Einkauf ohne Auto erm\u00f6glichen<\/span><\/p>\n<\/li>\n<\/ul>\n<p><span style=\"font-size: small;\"><span lang=\"it-IT\">R\u00e4ume schaffen f\u00fcr Suffizienzen z.B. Repaircafe\u00b4, Second-Hand-und Tauschl\u00e4den<\/span><\/span><\/p>\n<h4 class=\"western\"><span lang=\"it-IT\"><b>3. Verkehr und Mobili\u00e4t &#8211; Fortbewegen<\/b><\/span><\/h4>\n<p class=\"western\"><b>Gr\u00fcne Mobilit\u00e4t f\u00fcr mehr Lebensqualit\u00e4t<\/b><\/p>\n<p class=\"western\">\u201e<span style=\"font-size: small;\">So viel motorisierter Individualverkehr wie n\u00f6tig, so viel Raum f\u00fcr Fu\u00dfg\u00e4nger und Radfahrer wie m\u00f6glich.\u201c <\/span><\/p>\n<ul>\n<li><span style=\"color: #000000;\"><span style=\"font-size: small;\">Ein Ort auf Augenh\u00f6he f\u00fcr alle Verkehrsteilnehmer<\/span><\/span><\/li>\n<\/ul>\n<ul>\n<li><span style=\"color: #000000;\"><span style=\"font-size: small;\">Entschleunigung des Verkehrs daf\u00fcr mehr Sicherheit, weniger L\u00e4rm, weniger Emissionen<\/span><\/span><\/li>\n<li><span style=\"font-size: small;\">viel Platz f\u00fcr Fu\u00dfg\u00e4nger, Rollstuhlfahrer und Radfahrer <\/span><\/li>\n<li><span style=\"font-size: small;\">Bewegen ohne Barrieren<\/span><\/li>\n<\/ul>\n<ul>\n<li><span style=\"color: #000000;\"><span style=\"font-size: small;\">Fu\u00dfg\u00e4ngerbereich mit hoher Aufenthaltsqualit\u00e4t und Sicherheit<\/span><\/span><\/li>\n<li><span style=\"color: #000000;\"><span style=\"font-size: small;\">Raum f\u00fcr moderne Mobilit\u00e4tsformen und die Infrastruktur daf\u00fcr z.B.: zentrale Station f\u00fcr Miet -E-Lastenr\u00e4der und E-Bikes inkl. Ladestationen (E-Bikes, E-Autos) und Car-Sharing.<\/span><\/span><\/li>\n<li><span style=\"color: #000000;\"><span style=\"font-size: small;\">Sichere, komfortable und regengesch\u00fctzte Abstellm\u00f6glichkeiten f\u00fcr Fahrr\u00e4der<\/span><\/span><\/li>\n<\/ul>\n<h4 class=\"western\" lang=\"it-IT\"><b>4. Freizeit und Erholung &#8211; Aufhalten<\/b><\/h4>\n<p class=\"western\"><span style=\"color: #000000;\"><b>Lebenstr\u00e4ume im Einklang mit der Natur <\/b><\/span><\/p>\n<p class=\"western\">\u201e<span style=\"font-size: small;\">Wir k\u00fchlen unsere Ortsmitte, durch Gr\u00fcnfl\u00e4chen und schaffen naturnahe Freir\u00e4ume und Wasserbereiche\u201c<\/span><\/p>\n<ul>\n<li><span style=\"color: #000000;\"><span style=\"font-size: small;\">Die Sch\u00f6nheit der Landschaft soll auch im Ortskern sichtbar werden<\/span><\/span><\/li>\n<li><span style=\"color: #000000;\"><span style=\"font-size: small;\">Schaffung mit B\u00e4umen beschatteter Gr\u00fcnfl\u00e4chen als Erholungszonen<\/span><\/span><\/li>\n<li><span style=\"font-size: small;\">Eine naturnahe Ortsmitte mit k\u00fchlenden Wasserbereichen f\u00fcr h\u00f6chste Lebensqualit\u00e4t<\/span><\/li>\n<li><span style=\"color: #000000;\"><span style=\"font-size: small;\">Wohlf\u00fchlort, Erholungsort und Treffpunkt f\u00fcr <\/span><\/span><span style=\"color: #000000;\"><span style=\"font-size: small;\"><b>alle<\/b><\/span><\/span><span style=\"color: #000000;\"><span style=\"font-size: small;\"> Generationen<\/span><\/span><\/li>\n<\/ul>\n<h4><\/h4>\n<p>&nbsp;<\/p>\n<h4>Jetzt seid IHR gefragt! Was sind eure Ideen und W\u00fcnsche f\u00fcr die Neue Ortsmitte?<\/h4>\n<p class=\"western\"><span style=\"color: #000000;\"><span style=\"font-size: small;\"><b>Unser IDEENFORUM &#8211; Eure Ideen sind uns wichtig &#8211; Schreibt uns!<\/b><\/span><\/span><\/p>\n<ul>\n<li><span style=\"font-size: small;\">Wie wollen wir in der neuen Ortsmitte wohnen und leben?<\/span><\/li>\n<li><span style=\"font-size: small;\">Wer soll dort zuk\u00fcnftig wohnen?<\/span><\/li>\n<li><span style=\"color: #000000;\"><span style=\"font-size: small;\">Was muss die Ortsmitte bieten, damit wir dort gut einkaufen, arbeiten und leben k\u00f6nnen?<\/span><\/span><\/li>\n<li><span style=\"color: #000000;\"><span style=\"font-size: small;\">Wie kann Verkehr und Mensch in Einklang gebracht werden?<\/span><\/span><\/li>\n<li><span style=\"font-size: small;\">Was ist uns besonders wichtig f\u00fcr eine lebenswerte Mitte f\u00fcr ALLE?<\/span><\/li>\n<li><span style=\"font-size: small;\">Wie wollen wir uns fortbewegen?<\/span><\/li>\n<li><span style=\"color: #000000;\"><span style=\"font-size: small;\">Was muss aus Eurer Sicht bei der Planung dringend ber\u00fccksichtigt werden?<\/span><\/span><\/li>\n<\/ul>\n<p class=\"western\"><span style=\"color: #000000;\"><span style=\"font-size: small;\">Schreibt uns und teilt uns Eure Anregungen, W\u00fcnsche und Visionen mit. Unsere Emailadresse: <a href=\"#\" data-unscramble=\"ed.hcassiew-eneurg@ettimstro-euen\">neue-ortsmitte@gruene-weissach.de<\/a><br \/>\n<\/span><\/span><\/p>\n<p class=\"western\"><span style=\"font-size: small;\">Wir freuen uns auf eine rege Beteiligung!<\/span><\/p>\n<p class=\"western\"><span style=\"font-size: small;\">Mit herzlichen, gr\u00fcnen Gr\u00fc\u00dfen<\/span><\/p>\n<p class=\"western\"><span style=\"font-size: small;\"><b>Eure GR\u00dcNE Gemeinderatsfraktion<\/b><\/span><\/p>\n<p class=\"western\"><span style=\"color: #000000;\"><span style=\"font-size: small;\">Christina, Barbara, Pierre und Petra<\/span><\/span><\/p>\n<p>&nbsp;<\/p>\n","protected":false},"excerpt":{"rendered":"<p>Unsere Gr\u00fcnen Themenbereiche f\u00fcr die Neue Ortsmitte in Weissach Wohnen [&hellip;]<\/p>\n","protected":false},"author":1,"featured_media":0,"parent":772,"menu_order":0,"comment_status":"closed","ping_status":"closed","template":"","meta":{"footnotes":""},"class_list":["post-808","page","type-page","status-publish","hentry"],"_links":{"self":[{"href":"https:\/\/gruene-weissach.de\/index.php?rest_route=\/wp\/v2\/pages\/808","targetHints":{"allow":["GET"]}}],"collection":[{"href":"https:\/\/gruene-weissach.de\/index.php?rest_route=\/wp\/v2\/pages"}],"about":[{"href":"https:\/\/gruene-weissach.de\/index.php?rest_route=\/wp\/v2\/types\/page"}],"author":[{"embeddable":true,"href":"https:\/\/gruene-weissach.de\/index.php?rest_route=\/wp\/v2\/users\/1"}],"replies":[{"embeddable":true,"href":"https:\/\/gruene-weissach.de\/index.php?rest_route=%2Fwp%2Fv2%2Fcomments&post=808"}],"version-history":[{"count":5,"href":"https:\/\/gruene-weissach.de\/index.php?rest_route=\/wp\/v2\/pages\/808\/revisions"}],"predecessor-version":[{"id":815,"href":"https:\/\/gruene-weissach.de\/index.php?rest_route=\/wp\/v2\/pages\/808\/revisions\/815"}],"up":[{"embeddable":true,"href":"https:\/\/gruene-weissach.de\/index.php?rest_route=\/wp\/v2\/pages\/772"}],"wp:attachment":[{"href":"https:\/\/gruene-weissach.de\/index.php?rest_route=%2Fwp%2Fv2%2Fmedia&parent=808"}],"curies":[{"name":"wp","href":"https:\/\/api.w.org\/{rel}","templated":true}]}}